{"id":1609,"date":"2025-01-28T14:37:17","date_gmt":"2025-01-28T14:37:17","guid":{"rendered":"https:\/\/www.mariaconga.com.ar\/mariaconga\/?page_id=1609"},"modified":"2025-01-28T14:53:57","modified_gmt":"2025-01-28T14:53:57","slug":"quienes-somos","status":"publish","type":"page","link":"https:\/\/www.mariaconga.com.ar\/mariaconga\/quienes-somos\/","title":{"rendered":"\u00bfQui\u00e9nes Somos?"},"content":{"rendered":"\n<p><strong>Florer\u00eda y Vivero Mar\u00eda Conga:<\/strong> tu oasis floral en Luj\u00e1n de Cuyo. <strong>Ubicados en Patricios 529, Luj\u00e1n de Cuyo Argentina<\/strong>, te ofrecemos una amplia variedad de flores frescas y plantas de alta calidad, cultivadas en nuestro propio vivero. Nuestros floristas expertos te ayudar\u00e1n a crear arreglos florales \u00fanicos y personalizados para cualquier ocasi\u00f3n. Adem\u00e1s, contamos con servicio de entrega a domicilio y asesoramiento personalizado para el cuidado de tus plantas. \u00a1Vis\u00edtanos de lunes a s\u00e1bado de 9 a 19 hs y descubre la belleza de la naturaleza!<\/p>\n\n\n\n<p>Su propietaria <strong>Viviana Beatriz Bevilacqua<\/strong> cuenta con m\u00e1s de 35 a\u00f1os de experiencia, es una florista apasionada que encuentra en cada flor una oportunidad para crear algo hermoso y \u00fanico. Su amor por la naturaleza, su ojo art\u00edstico y su amplia experiencia se combinan para crear arreglos florales personalizados que superan las expectativas de sus clientes. En Florer\u00eda y Vivero Mar\u00eda Conga, cada arreglo es una obra de arte hecha con el coraz\u00f3n<\/p>\n\n\n\n<div class=\"wp-block-columns is-layout-flex wp-container-3\">\n<div class=\"wp-block-column is-layout-flow\" style=\"flex-basis:50%\">\n<p><strong>Contact\u00e1nos<\/strong> en cualquiera de los siguientes n\u00fameros<\/p>\n\n\n\n<ul>\n<li>+54-261-613-7777<\/li>\n\n\n\n<li>+54-261-565-2903<\/li>\n<\/ul>\n\n\n\n<p>O por correo electr\u00f3nico en<\/p>\n\n\n\n<ul>\n<li>congavivi@yahoo.com.ar<\/li>\n<\/ul>\n<\/div>\n\n\n\n<div class=\"wp-block-column is-layout-flow\" style=\"flex-basis:50%\">\n<figure class=\"wp-block-image size-large\"><a href=\"https:\/\/www.mariaconga.com.ar\/mariaconga\/wp-content\/uploads\/2025\/01\/VIVIANA-BEVILACQUA.jpeg\"><img decoding=\"async\" loading=\"lazy\" width=\"1024\" height=\"768\" src=\"https:\/\/www.mariaconga.com.ar\/mariaconga\/wp-content\/uploads\/2025\/01\/VIVIANA-BEVILACQUA-1024x768.jpeg\" alt=\"\" class=\"wp-image-1615\" srcset=\"https:\/\/www.mariaconga.com.ar\/mariaconga\/wp-content\/uploads\/2025\/01\/VIVIANA-BEVILACQUA-1024x768.jpeg 1024w, https:\/\/www.mariaconga.com.ar\/mariaconga\/wp-content\/uploads\/2025\/01\/VIVIANA-BEVILACQUA-300x225.jpeg 300w, https:\/\/www.mariaconga.com.ar\/mariaconga\/wp-content\/uploads\/2025\/01\/VIVIANA-BEVILACQUA-768x576.jpeg 768w, https:\/\/www.mariaconga.com.ar\/mariaconga\/wp-content\/uploads\/2025\/01\/VIVIANA-BEVILACQUA-1536x1152.jpeg 1536w, https:\/\/www.mariaconga.com.ar\/mariaconga\/wp-content\/uploads\/2025\/01\/VIVIANA-BEVILACQUA-100x75.jpeg 100w, https:\/\/www.mariaconga.com.ar\/mariaconga\/wp-content\/uploads\/2025\/01\/VIVIANA-BEVILACQUA.jpeg 1600w\" sizes=\"(max-width: 1024px) 100vw, 1024px\" \/><\/a><\/figure>\n<\/div>\n<\/div>\n\n\n\n<p><\/p>\n\n\n\n<p>Estamos abiertos de lunes a viernes de 8 de la ma\u00f1ana a 8 de la noche y listos siempre para atender a nuestros clientes. <\/p>\n","protected":false},"excerpt":{"rendered":"<p>Florer\u00eda y Vivero Mar\u00eda Conga: tu oasis floral en Luj\u00e1n de Cuyo. Ubicados en Patricios 529, Luj\u00e1n de Cuyo Argentina, te ofrecemos una amplia variedad <\/p>\n<p><a href=\"https:\/\/www.mariaconga.com.ar\/mariaconga\/quienes-somos\/\" class=\"button2\">Ver M\u00e1s &raquo;<\/a><\/p>\n","protected":false},"author":1,"featured_media":0,"parent":0,"menu_order":0,"comment_status":"closed","ping_status":"closed","template":"","meta":[],"_links":{"self":[{"href":"https:\/\/www.mariaconga.com.ar\/mariaconga\/wp-json\/wp\/v2\/pages\/1609"}],"collection":[{"href":"https:\/\/www.mariaconga.com.ar\/mariaconga\/wp-json\/wp\/v2\/pages"}],"about":[{"href":"https:\/\/www.mariaconga.com.ar\/mariaconga\/wp-json\/wp\/v2\/types\/page"}],"author":[{"embeddable":true,"href":"https:\/\/www.mariaconga.com.ar\/mariaconga\/wp-json\/wp\/v2\/users\/1"}],"replies":[{"embeddable":true,"href":"https:\/\/www.mariaconga.com.ar\/mariaconga\/wp-json\/wp\/v2\/comments?post=1609"}],"version-history":[{"count":4,"href":"https:\/\/www.mariaconga.com.ar\/mariaconga\/wp-json\/wp\/v2\/pages\/1609\/revisions"}],"predecessor-version":[{"id":1617,"href":"https:\/\/www.mariaconga.com.ar\/mariaconga\/wp-json\/wp\/v2\/pages\/1609\/revisions\/1617"}],"wp:attachment":[{"href":"https:\/\/www.mariaconga.com.ar\/mariaconga\/wp-json\/wp\/v2\/media?parent=1609"}],"curies":[{"name":"wp","href":"https:\/\/api.w.org\/{rel}","templated":true}]}}